{"id":23,"date":"2015-07-03T11:20:55","date_gmt":"2015-07-03T11:20:55","guid":{"rendered":"http:\/\/ieeps.edu.rs\/?page_id=23"},"modified":"2017-06-05T13:37:39","modified_gmt":"2017-06-05T11:37:39","slug":"dissemination","status":"publish","type":"page","link":"http:\/\/ieeps.pefja.kg.ac.rs\/?page_id=23","title":{"rendered":"Dissemination"},"content":{"rendered":"<p>Dissemination mostly consists of distribution of materials and organization of events in IEEPS project. The main project dissemination activities are:<\/p>\n<ol>\n<li>Organizing thematic scientific conferences (one in Cyprus and one in Serbia);<\/li>\n<li>Organizing round tables (one in Slovenia and one in Belgium);<\/li>\n<li>Publishing scientific papers;<\/li>\n<li>Distribution of the project\u2019s products to schools and to other stakeholders;<\/li>\n<li>Meetings with policy makers, professional associations, relevant NGO\u2019s etc.<\/li>\n<li>Addressing wider public via different media (television, web site, newspapers etc.).<\/li>\n<\/ol>\n<p>&nbsp;<\/p>\n<p style=\"text-align: justify;\"><em>Organizing thematic scientific conferences.<\/em> Faculty of Education of University of Kragujevac, Institute for Educational Research and Institute for Improvement of Education were organized, within the Comenius IEEPS project \u201cImproving education effectiveness of primary schools\u201d, the International Scientific Conference \u201eImproving quality of education in elementary schools\u201d was held October 14<sup>th<\/sup> 2016 at the Teacher Training Faculty in Belgrade, Serbia. The Conference will be also organized in Cyprus to reach local, regional and national policymakers, teacher, principal and parent associations and NGOs in order to promote the outputs of the project and advocate for greater application of sophisticated methods in data analyses, adoption of SPF reporting to schools, widespread use of the EF handbook and installation of EPD training seminars.<\/p>\n<p>&nbsp;<\/p>\n<p style=\"text-align: justify;\"><em>Organizing round tables.<\/em> Two round tables were organized to disseminate the project. The one in Belgium promoted the use of updated SPF system in a non-Belgian setting, so that other countries can obtain individualized performance feedback for their schools without having to reinvent the wheel. The other round table in Slovenia was focused on the possibilities of improvement of their own feedback system.<\/p>\n<p><em>Publishing scientific papers. <\/em>Scientific papers that have been published so far are:<\/p>\n<ul>\n<li>\n<p style=\"text-align: justify;\"><a href=\"\/\/ieeps.pefja.kg.ac.rs\/wp-content\/uploads\/2015\/07\/TIMSS_Book_of_Abstracts.pdf\">Milin, V., Teodorovi\u0107, J. i Stankovi\u0107, D. (2017). TIMSS nalazi kao polazi\u0161te za istra\u017eivanje obrazovne efektivnosti u Srbiji: primer IEEPS projekta (TIMSS study findings as the basis for research of the educational effectiveness in Serbia: example of the IEEPS project). U Maru\u0161i\u0107, M., Gutvajn, N. i Radulovi\u0107, M. (ur.), Book of abstracts (pp. 15-16), TIMSS 2015: Rezultati i Implikacije (TIMSS 2015: Results and Implications). Beograd: Institut za pedago\u0161ka istra\u017eivanja, Ministarstvo prosvete, nauke i tehnolo\u0161kog razvoja Republike Srbije; U\u010diteljski fakultet; Savez u\u010ditelja Republike Srbije.<\/a><\/p>\n<\/li>\n<li>\n<p style=\"text-align: justify;\">\u0110eri\u0107, I. i Vuja\u010di\u0107, M. (2017). Upotreba akcionih planova za refleksivni pristup nastavnoj praksi (The Use of Action Plans in the Reflective Approach to Teaching). U V. \u017d. Radovi\u0107, D. MIhajlovi\u0107 i I. Stojkov (ur.), Zborniku radova sa Me\u0111unarodnog nau\u010dnog skupa 2017. &#8220;Problemi i dileme savremene nastave u teoriji i praksi&#8221; (Book of Abstracts International Scientific Conference 2017. &#8220;Problems and dilemmas of teachng and learning theory and practice in formal education, 26. i 27. maj 2017. godine u Aran\u0111elovcu. Beograd: U\u010diteljski fakultet.<\/p>\n<\/li>\n<\/ul>\n<ul>\n<li>\n<p style=\"text-align: justify;\"><a href=\"\/\/ieeps.pefja.kg.ac.rs\/wp-content\/uploads\/2015\/07\/Golubovic_Stankovic.pdf\">Golubovi\u0107-Ili\u0107, I. i Stankovi\u0107, S. (2016). Orijentacija \u2013 organizacioni aspekt kvalitetne nastave (Orientation \u2013 an organization aspect of high quality teaching), <em>Uzdanica, \u010dasopis za jezik, knji\u017eevnost, umetnost i pedago\u0161ke nauke<\/em> (Uzdanica &#8211; Journal of language, literature, arts and pedagogical science), XIII, 2, 19\u201329. www.pefja.kg.ac.rs\/preuzimanje\/Uzdanica%20PDF\/Uzdanica_XIII-2-2016.pdf<\/a><\/p>\n<\/li>\n<\/ul>\n<ul>\n<li>\n<p style=\"text-align: justify;\"><a href=\"\/\/ieeps.pefja.kg.ac.rs\/wp-content\/uploads\/2015\/07\/Stevanovic.pdf\">Stevanovi\u0107, N. (2016). Unapre\u0111ivanje efikasnosti nastave primenom \u0161kolskih zadataka razli\u010ditog nivoa slo\u017eenosti (Improving The Effectiveness Of Teaching Through The Use Of School Assignments With Different Levels Of Complexity). <em>Uzdanica &#8211; \u010dasopis za knji\u017eevnost i pedago\u0161ke nauke <\/em>(Uzdanica &#8211; Journal of language, literature, arts and pedagogical science), 2016-XIII(2), 45-60. www.pefja.kg.ac.rs\/preuzimanje\/Uzdanica%20PDF\/Uzdanica_XIII-2-2016.pdf<\/a><\/p>\n<\/li>\n<\/ul>\n<ul>\n<li>\n<p style=\"text-align: justify;\">Teodorovi\u0107, J., V. Milin i M. Vuja\u010di\u0107 (2016). Programi stru\u010dnog usavr\u0161avanja nastavnika: procenjena korisnost i obrazovni efekti (Programmes of Professional Development for Teachers: Estimated Usefulness and Educational Effects). <em>Inovacije u nastavi<\/em> (<em>Teaching Innovations<\/em>), <em>29<\/em>(1), 46-59.<\/p>\n<\/li>\n<\/ul>\n<ul>\n<li>\n<p style=\"text-align: justify;\">Teodorovi\u0107, J. (Ed.). <em>Zbornik radova: Me\u0111unarodna nau\u010dna konferencija Unapre\u0111ivanje kvaliteta obrazovanja u osnovnim \u0161kolama <\/em>(<em>Conference proceedings: International scientific conference Improving quality of education in elementary schools<\/em>). Jagodina, Srbija: Fakultet pedago\u0161kih nauka Univerziteta u Kragujevcu (Faculty of Education, University of Kragujevac, Jagodina, Institute for Educational Research, Institute For the Improvement of Education). Available at http:\/\/ieeps.pefja.kg.ac.rs\/wp-content\/uploads\/2016\/10\/Zbornik_radova_Unapredjivanje_kvaliteta&#8230;pdf<\/p>\n<\/li>\n<\/ul>\n<ul>\n<li>\n<p style=\"text-align: justify;\">Teodorovi\u0107, J. (2016). <em>Obrazovna efektivnost: \u0160ta \u010dini kvalitetnog nastavnika i kvalitetnu \u0161kolu <\/em>(Educational effectiveness: What makes a quality teacher and a quality school). Jagodina, Srbija: Fakultet pedago\u0161kih nauka Univerziteta u Kragujevcu (Jagodina, Serbia: Faculty of Education, University of Kragujevac). ISBN 978-86-7604-139-8.<\/p>\n<\/li>\n<li>\n<p style=\"text-align: justify;\">Teodorovi\u0107, J. (2016). Bli\u017ei pogled na doprinos \u0161kola u\u010deni\u010dkom postignu\u0107u (A closer look into the contribution of schools to pupil achievement), u Teodorovi\u0107, J. (ur.) <em>Zbornik radova: Me\u0111unarodna nau\u010dna konferencija Unapre\u0111ivanje kvaliteta obrazovanja u osnovnim \u0161kolama<\/em> (Conference proceedings: International scientific conference Improving quality of education in elementary schools), 8-14, 14. oktobar 2016 u Beogradu na U\u010diteljskom fakultetu (pp 8-14, October 14, 2016, Belgrade, Teaching Training Faculty). Jagodina, Srbija: Fakultet pedago\u0161kih nauka Univerziteta u Kragujevcu (Jagodina, Serbia: Faculty of Education, University of Kragujevac). ISBN 978-86-7604-150-3<\/p>\n<\/li>\n<li><a href=\"\/\/ieeps.pefja.kg.ac.rs\/wp-content\/uploads\/2015\/07\/MATM_2014.pdf\">Book of Abstracts, 3rd International Conference &#8220;Methodological aspects of teaching mathematics&#8221;<\/a><\/li>\n<\/ul>\n<p style=\"text-align: justify;\">Journal papers of research findings from Comenius project will be published in the future. Also, thematic journal issues will promote the project results among the academic community.<\/p>\n<p><em>\u00a0<\/em><\/p>\n<p style=\"text-align: justify;\">Distribution of the project\u2019s products to schools. 125 schools included in the project will receive by email SPF report and EF handbook. EPD was formally registered as in-service training seminar in Serbia (by UKG and IPI) and in Cyprus (by UCY), which was incorporate it into the education systems in two countries. School staffs undergoing EPD were provided with EPD training materials. The EPD pamphlet will advertise the EPD seminar to schools. Similarly, electronic versions of these materials in English will be distributed via email to foreign researchers and institutions, known partners in previous projects. UKG, UCY and KUL will adopt major components of EPD for teaching in the courses at the bachelor and\/or master level, so that they will reach future teachers, policymakers, researchers and various educators. The offerings of the courses will be announced to the pupils via regular university procedures.<\/p>\n<p>&nbsp;<\/p>\n<p style=\"text-align: justify;\">Meetings with policy makers, professional associations, relevant NGO\u2019s. The policy brief will concisely present the entire project to policymakers, draw its benefits for education policy, and highlight applications of EER for improvement of pupil learning.<\/p>\n<p>&nbsp;<\/p>\n<p style=\"text-align: justify;\">Addressing wider public via different media. The web site will be designed to: (a) inform the wider public about the project; and (b) host electronic, free-of-charge SPF report example, EF handbook, EPD pamphlet, policy brief and relevant other EER-related materials.<\/p>\n","protected":false},"excerpt":{"rendered":"<p>Dissemination mostly consists of distribution of materials and organization of events in IEEPS project. The main project dissemination activities are: Organizing thematic scientific conferences (one in Cyprus and one in Serbia); Organizing round tables (one in Slovenia and one in Belgium); Publishing scientific papers; Distribution of the project\u2019s products to schools and to other stakeholders; [&hellip;]<\/p>\n","protected":false},"author":1,"featured_media":0,"parent":0,"menu_order":0,"comment_status":"closed","ping_status":"closed","template":"","meta":{"footnotes":""},"class_list":["post-23","page","type-page","status-publish","hentry"],"_links":{"self":[{"href":"http:\/\/ieeps.pefja.kg.ac.rs\/index.php?rest_route=\/wp\/v2\/pages\/23","targetHints":{"allow":["GET"]}}],"collection":[{"href":"http:\/\/ieeps.pefja.kg.ac.rs\/index.php?rest_route=\/wp\/v2\/pages"}],"about":[{"href":"http:\/\/ieeps.pefja.kg.ac.rs\/index.php?rest_route=\/wp\/v2\/types\/page"}],"author":[{"embeddable":true,"href":"http:\/\/ieeps.pefja.kg.ac.rs\/index.php?rest_route=\/wp\/v2\/users\/1"}],"replies":[{"embeddable":true,"href":"http:\/\/ieeps.pefja.kg.ac.rs\/index.php?rest_route=%2Fwp%2Fv2%2Fcomments&post=23"}],"version-history":[{"count":17,"href":"http:\/\/ieeps.pefja.kg.ac.rs\/index.php?rest_route=\/wp\/v2\/pages\/23\/revisions"}],"predecessor-version":[{"id":702,"href":"http:\/\/ieeps.pefja.kg.ac.rs\/index.php?rest_route=\/wp\/v2\/pages\/23\/revisions\/702"}],"wp:attachment":[{"href":"http:\/\/ieeps.pefja.kg.ac.rs\/index.php?rest_route=%2Fwp%2Fv2%2Fmedia&parent=23"}],"curies":[{"name":"wp","href":"https:\/\/api.w.org\/{rel}","templated":true}]}}