{"id":151,"date":"2015-07-07T07:59:57","date_gmt":"2015-07-07T07:59:57","guid":{"rendered":"http:\/\/ieeps.edu.rs\/sr\/?page_id=151"},"modified":"2017-09-08T12:36:59","modified_gmt":"2017-09-08T10:36:59","slug":"licna-karta-projekta","status":"publish","type":"page","link":"http:\/\/ieeps.pefja.kg.ac.rs\/sr\/?page_id=151","title":{"rendered":"Opis i ciljevi projekta"},"content":{"rendered":"<hr \/>\n<h3><strong><br \/>\nOpis projekta<\/strong><\/h3>\n<p>Napredak u\u010denika u postizanju vi\u0161ih nivoa znanja i obrazovanja postavlja se kao jedan od ciljeva strategija Europe 2020 i ET 2020. Kako bi ovaj va\u017ean cilj bio ostvaren, potrebno je ispuniti \u010ditav niz preduslova. Kao posebno zna\u010dajna pretpostavka izdvaja se upoznavanje \u0161kola sa osnovnim pitanjima, kao \u0161to su:<\/p>\n<ol>\n<li>koji je doprinos \u0161kole postignu\u0107ima u\u010denika, nezavisno od drugih faktora koji uti\u010du na postignu\u0107e (npr. socioekonomski status u\u010denikove porodice),<\/li>\n<li>koje pedago\u0161ke i organizacione prakse (npr. ve\u017ebanje zadataka na \u010dasu) su efektivne, a koje su neefektivne u podizanju postignu\u0107a u\u010denika i<\/li>\n<li>kako \u0161kole da dodatno pove\u0107aju efektivnost, odnosno kvalitet nastavne prakse.<\/li>\n<\/ol>\n<p>&nbsp;<\/p>\n<p>Imaju\u0107i\u00a0 u\u00a0 vidu\u00a0 zna\u010daj\u00a0 ovih,\u00a0 ali\u00a0 i\u00a0 drugih\u00a0 klju\u010dnih\u00a0 problema,\u00a0 u\u00a0 okviru\u00a0 projekta \u201eUnapre\u0111ivanje obrazovne efektivnosti osnovnih \u0161kola\u201d postavili smo \u010detiri osnovna cilja:<\/p>\n<ol>\n<li>Utvrditi kako \u0161kola i nastava uti\u010du na postignu\u0107e u\u010denika u matematici i prirodnim naukama, uzimaju\u0107i u obzir raznovrsnost u\u010deni\u010dke populacije u pogledu individualnih karakteristika u\u010denika.<\/li>\n<li>Dostaviti \u0161kolama individualne povratne informacije o postignu\u0107u u\u010denika i dodatoj pedago\u0161koj vrednosti \u0161kole.<\/li>\n<li>Kreirati izve\u0161taj o \u010diniocima kvalitetne nastave namenjen nastavnicima za potrebe unapre\u0111ivanja nastave na osnovu nalaza dobijenih u istra\u017eivanju.<\/li>\n<li>Osmisliti\u00a0 i\u00a0 realizovati\u00a0 program\u00a0 stru\u010dnog\u00a0 usavr\u0161avanja\u00a0 nastavnika\u00a0 na\u00a0 osnovu rezultata ovog istra\u017eivanja i preporuka o razvoju kvalitetne nastave.<\/li>\n<\/ol>\n","protected":false},"excerpt":{"rendered":"<p>Opis projekta Napredak u\u010denika u postizanju vi\u0161ih nivoa znanja i obrazovanja postavlja se kao jedan od ciljeva strategija Europe 2020 i ET 2020. Kako bi ovaj va\u017ean cilj bio ostvaren, potrebno je ispuniti \u010ditav niz preduslova. Kao posebno zna\u010dajna pretpostavka izdvaja se upoznavanje \u0161kola sa osnovnim pitanjima, kao \u0161to su: koji je doprinos \u0161kole postignu\u0107ima [&hellip;]<\/p>\n","protected":false},"author":1,"featured_media":0,"parent":0,"menu_order":0,"comment_status":"closed","ping_status":"closed","template":"","meta":{"footnotes":""},"class_list":["post-151","page","type-page","status-publish","hentry"],"_links":{"self":[{"href":"http:\/\/ieeps.pefja.kg.ac.rs\/sr\/index.php?rest_route=\/wp\/v2\/pages\/151","targetHints":{"allow":["GET"]}}],"collection":[{"href":"http:\/\/ieeps.pefja.kg.ac.rs\/sr\/index.php?rest_route=\/wp\/v2\/pages"}],"about":[{"href":"http:\/\/ieeps.pefja.kg.ac.rs\/sr\/index.php?rest_route=\/wp\/v2\/types\/page"}],"author":[{"embeddable":true,"href":"http:\/\/ieeps.pefja.kg.ac.rs\/sr\/index.php?rest_route=\/wp\/v2\/users\/1"}],"replies":[{"embeddable":true,"href":"http:\/\/ieeps.pefja.kg.ac.rs\/sr\/index.php?rest_route=%2Fwp%2Fv2%2Fcomments&post=151"}],"version-history":[{"count":9,"href":"http:\/\/ieeps.pefja.kg.ac.rs\/sr\/index.php?rest_route=\/wp\/v2\/pages\/151\/revisions"}],"predecessor-version":[{"id":519,"href":"http:\/\/ieeps.pefja.kg.ac.rs\/sr\/index.php?rest_route=\/wp\/v2\/pages\/151\/revisions\/519"}],"wp:attachment":[{"href":"http:\/\/ieeps.pefja.kg.ac.rs\/sr\/index.php?rest_route=%2Fwp%2Fv2%2Fmedia&parent=151"}],"curies":[{"name":"wp","href":"https:\/\/api.w.org\/{rel}","templated":true}]}}