{"id":44,"date":"2015-07-03T11:25:00","date_gmt":"2015-07-03T11:25:00","guid":{"rendered":"http:\/\/ieeps.edu.rs\/sr\/?page_id=44"},"modified":"2017-09-08T12:34:00","modified_gmt":"2017-09-08T10:34:00","slug":"project","status":"publish","type":"page","link":"http:\/\/ieeps.pefja.kg.ac.rs\/sr\/?page_id=44","title":{"rendered":"PROJEKAT"},"content":{"rendered":"<hr \/>\n<p><strong><br \/>\nNaziv projekta <\/strong><\/p>\n<p style=\"text-align: justify;\">Projekat \u201cUnapre\u0111ivanje obrazovne efektivnosti osnovnih \u0161kola\u201d (Komenijus IEEPS projekat) realizovan je u okviru evropskog Programa\u00a0 za\u00a0 celo\u017eivotno\u00a0 u\u010denje\u00a0 (LLP),\u00a0 potprograma\u00a0 Komenijus\u00a0 \u2013\u00a0 Komenijus multilateralni\u00a0 projekti\u00a0 (Comenius\u00a0 multilateral\u00a0 projects).\u00a0 Kod\u00a0 Izvr\u0161ne\u00a0 agencije za obrazovanje, audiovizuelnu politiku i kulturu (EACEA) projekat je zaveden\u00a0 pod\u00a0 imenom\u00a0 ,,Improving\u00a0 educational\u00a0 effectiveness\u00a0 of\u00a0 primary schools\u2019\u2019\u00a0 (IEEPS)\u00a0 i\u00a0 pod\u00a0 brojem\u00a0 538992-LLP-1-2013-1-RS-COMENIUS-CMP.<\/p>\n<p style=\"text-align: justify;\">Projekat je bio usmeren na unapre\u0111ivanje kvaliteta obrazovanja u na\u0161oj zemlji. Re\u010d je o prvom Komenijus projektu \u010diji je koordinator bila institucija iz Srbije.<\/p>\n<p><strong><br \/>\nTrajanje projekta<\/strong><\/p>\n<p>Projekat je trajao u periodu od 1.12.2013. do 30.5.2017. godine.<\/p>\n<p><strong><br \/>\nPartneri u projektu<\/strong><\/p>\n<p style=\"text-align: justify;\">Projekat su realizovali Fakultet pedago\u0161kih nauka Univerziteta u Kragujevcu (Jagodina, Srbija), Institut za pedago\u0161ka istra\u017eivanja (Beograd, Srbija), Univerzitet KU Luven (Luven, Belgija), Univerzitet na Kipru (Nikozija, Kipar),\u00a0 Dr\u017eavni\u00a0 ispitni\u00a0 centar\u00a0 (Ljubljana,\u00a0 Slovenija),\u00a0 O\u0160\u00a0 \u201eJelena \u0106etkovi\u0107\u201d (Beograd, Srbija) i O\u0160 \u201eMakedonitisa C\u201d (Nikozija, Kipar).<\/p>\n","protected":false},"excerpt":{"rendered":"<p>Naziv projekta Projekat \u201cUnapre\u0111ivanje obrazovne efektivnosti osnovnih \u0161kola\u201d (Komenijus IEEPS projekat) realizovan je u okviru evropskog Programa\u00a0 za\u00a0 celo\u017eivotno\u00a0 u\u010denje\u00a0 (LLP),\u00a0 potprograma\u00a0 Komenijus\u00a0 \u2013\u00a0 Komenijus multilateralni\u00a0 projekti\u00a0 (Comenius\u00a0 multilateral\u00a0 projects).\u00a0 Kod\u00a0 Izvr\u0161ne\u00a0 agencije za obrazovanje, audiovizuelnu politiku i kulturu (EACEA) projekat je zaveden\u00a0 pod\u00a0 imenom\u00a0 ,,Improving\u00a0 educational\u00a0 effectiveness\u00a0 of\u00a0 primary schools\u2019\u2019\u00a0 (IEEPS)\u00a0 i\u00a0 pod\u00a0 brojem\u00a0 [&hellip;]<\/p>\n","protected":false},"author":1,"featured_media":0,"parent":0,"menu_order":0,"comment_status":"closed","ping_status":"closed","template":"","meta":{"footnotes":""},"class_list":["post-44","page","type-page","status-publish","hentry"],"_links":{"self":[{"href":"http:\/\/ieeps.pefja.kg.ac.rs\/sr\/index.php?rest_route=\/wp\/v2\/pages\/44","targetHints":{"allow":["GET"]}}],"collection":[{"href":"http:\/\/ieeps.pefja.kg.ac.rs\/sr\/index.php?rest_route=\/wp\/v2\/pages"}],"about":[{"href":"http:\/\/ieeps.pefja.kg.ac.rs\/sr\/index.php?rest_route=\/wp\/v2\/types\/page"}],"author":[{"embeddable":true,"href":"http:\/\/ieeps.pefja.kg.ac.rs\/sr\/index.php?rest_route=\/wp\/v2\/users\/1"}],"replies":[{"embeddable":true,"href":"http:\/\/ieeps.pefja.kg.ac.rs\/sr\/index.php?rest_route=%2Fwp%2Fv2%2Fcomments&post=44"}],"version-history":[{"count":11,"href":"http:\/\/ieeps.pefja.kg.ac.rs\/sr\/index.php?rest_route=\/wp\/v2\/pages\/44\/revisions"}],"predecessor-version":[{"id":512,"href":"http:\/\/ieeps.pefja.kg.ac.rs\/sr\/index.php?rest_route=\/wp\/v2\/pages\/44\/revisions\/512"}],"wp:attachment":[{"href":"http:\/\/ieeps.pefja.kg.ac.rs\/sr\/index.php?rest_route=%2Fwp%2Fv2%2Fmedia&parent=44"}],"curies":[{"name":"wp","href":"https:\/\/api.w.org\/{rel}","templated":true}]}}