{"id":49,"date":"2015-07-03T11:28:29","date_gmt":"2015-07-03T11:28:29","guid":{"rendered":"http:\/\/ieeps.edu.rs\/sr\/?page_id=49"},"modified":"2015-07-07T07:52:26","modified_gmt":"2015-07-07T07:52:26","slug":"partner-organisations","status":"publish","type":"page","link":"http:\/\/ieeps.pefja.kg.ac.rs\/sr\/?page_id=49","title":{"rendered":"Partneri"},"content":{"rendered":"<ul>\n<li>Fakultet pedago\u0161kih nauka u Jagodini Univerziteta u Kragujevcu \u2013 koordinator institucija iz Srbije;<\/li>\n<li>Institut za pedago\u0161ka istra\u017eivanja (IPI), Beograd, Srbija;<\/li>\n<li>Katoli\u010dki univerzitet, Luven, Belgija;<\/li>\n<li>Univerzitet na Kipru, Nikozija, Kipar;<\/li>\n<li>Dr\u017eavni ispitni centar, Ljubl\u0458ana, Slovenija;<\/li>\n<li>O\u0160 \u201eJelena \u0106etkovi\u0107\u201d, Beograd, Srbija;<\/li>\n<li>O\u0160 \u201eMakedonitisa\u201d, Nikozija, Kipar.<\/li>\n<\/ul>\n","protected":false},"excerpt":{"rendered":"<p>Fakultet pedago\u0161kih nauka u Jagodini Univerziteta u Kragujevcu \u2013 koordinator institucija iz Srbije; Institut za pedago\u0161ka istra\u017eivanja (IPI), Beograd, Srbija; Katoli\u010dki univerzitet, Luven, Belgija; Univerzitet na Kipru, Nikozija, Kipar; Dr\u017eavni ispitni centar, Ljubl\u0458ana, Slovenija; O\u0160 \u201eJelena \u0106etkovi\u0107\u201d, Beograd, Srbija; O\u0160 \u201eMakedonitisa\u201d, Nikozija, Kipar.<\/p>\n","protected":false},"author":1,"featured_media":0,"parent":0,"menu_order":0,"comment_status":"open","ping_status":"open","template":"","meta":{"footnotes":""},"class_list":["post-49","page","type-page","status-publish","hentry"],"_links":{"self":[{"href":"http:\/\/ieeps.pefja.kg.ac.rs\/sr\/index.php?rest_route=\/wp\/v2\/pages\/49","targetHints":{"allow":["GET"]}}],"collection":[{"href":"http:\/\/ieeps.pefja.kg.ac.rs\/sr\/index.php?rest_route=\/wp\/v2\/pages"}],"about":[{"href":"http:\/\/ieeps.pefja.kg.ac.rs\/sr\/index.php?rest_route=\/wp\/v2\/types\/page"}],"author":[{"embeddable":true,"href":"http:\/\/ieeps.pefja.kg.ac.rs\/sr\/index.php?rest_route=\/wp\/v2\/users\/1"}],"replies":[{"embeddable":true,"href":"http:\/\/ieeps.pefja.kg.ac.rs\/sr\/index.php?rest_route=%2Fwp%2Fv2%2Fcomments&post=49"}],"version-history":[{"count":4,"href":"http:\/\/ieeps.pefja.kg.ac.rs\/sr\/index.php?rest_route=\/wp\/v2\/pages\/49\/revisions"}],"predecessor-version":[{"id":146,"href":"http:\/\/ieeps.pefja.kg.ac.rs\/sr\/index.php?rest_route=\/wp\/v2\/pages\/49\/revisions\/146"}],"wp:attachment":[{"href":"http:\/\/ieeps.pefja.kg.ac.rs\/sr\/index.php?rest_route=%2Fwp%2Fv2%2Fmedia&parent=49"}],"curies":[{"name":"wp","href":"https:\/\/api.w.org\/{rel}","templated":true}]}}